{"id":7,"date":"2021-09-11T18:51:16","date_gmt":"2021-09-11T16:51:16","guid":{"rendered":"https:\/\/reittherapie-silkemoch.de\/?page_id=7"},"modified":"2021-09-11T21:14:00","modified_gmt":"2021-09-11T19:14:00","slug":"impressum","status":"publish","type":"page","link":"https:\/\/reittherapie-silkemoch.de\/?page_id=7","title":{"rendered":"Impressum"},"content":{"rendered":"\n<p>Inhaber (Einzelunternehmung)<br>Vertretungsberechtigt und&nbsp;verantwortlich f\u00fcr den Inhalt:<\/p>\n\n\n\n<p>Silke  Moch<br>Alte M\u00fchle 1<br>35753 Greifenstein<\/p>\n\n\n\n<p>Tel.: +49 178 1602520<br>Email: silke.moch@gmail.com<\/p>\n\n\n\n<p>Klicken Sie hier zum aktuellen&nbsp;<a href=\"http:\/\/www.disclaimer.de\/disclaimer.htm?\">Haftungsausschluss<\/a><\/p>\n\n\n\n<p>Trotz sorgf\u00e4ltiger inhaltlicher Kontrolle \u00fcbernehmen wir keine Haftung f\u00fcr die Inhalte externer Links. F\u00fcr den Inhalt der verlinkten Seiten sind ausschlie\u00dflich deren Betreiber verantwortlich. Wir betonen ausdr\u00fccklich, dass wir keinen Einfluss auf die Gestaltung und die Inhalte der gelinkten Seiten haben. Deshalb distanzieren wir uns hiermit ausdr\u00fccklich von allen Inhalten aller gelinkten Seiten auf unserer gesamten Homepage inkl. aller Unterseiten. Diese Erkl\u00e4rung gilt f\u00fcr alle auf dieser Webseite ausgebrachten Links und f\u00fcr alle Inhalte der Seiten, zu denen Links oder Banner f\u00fchren.<\/p>\n\n\n\n<p>Copyright:<\/p>\n\n\n\n<p>S\u00e4mtliche angebotenen Informationen d\u00fcrfen \u2013 auch auszugsweise \u2013 nur mit schriftlicher Genehmigung weiterverbreitet, vervielf\u00e4ltigt oder anderweitig ver\u00f6ffentlicht werden. Keinesfalls ist es gestattet, die abgerufenen Informationen anderweitig online oder auf andere Medien weiterzuverbreiten oder kommerziell zu nutzen!<\/p>\n","protected":false},"excerpt":{"rendered":"<p>Inhaber (Einzelunternehmung)Vertretungsberechtigt und&nbsp;verantwortlich f\u00fcr den Inhalt: Silke MochAlte M\u00fchle 135753 Greifenstein Tel.: +49 178 1602520Email: silke.moch@gmail.com Klicken Sie hier zum aktuellen&nbsp;Haftungsausschluss Trotz sorgf\u00e4ltiger inhaltlicher Kontrolle \u00fcbernehmen wir keine Haftung f\u00fcr die Inhalte externer Links. F\u00fcr den Inhalt der verlinkten Seiten sind ausschlie\u00dflich deren Betreiber verantwortlich. Wir betonen ausdr\u00fccklich, dass wir keinen Einfluss auf die Gestaltung [&hellip;]<\/p>\n","protected":false},"author":1,"featured_media":0,"parent":0,"menu_order":10,"comment_status":"closed","ping_status":"closed","template":"page-templates\/full-width.php","meta":{"footnotes":""},"class_list":["post-7","page","type-page","status-publish","hentry"],"_links":{"self":[{"href":"https:\/\/reittherapie-silkemoch.de\/index.php?rest_route=\/wp\/v2\/pages\/7","targetHints":{"allow":["GET"]}}],"collection":[{"href":"https:\/\/reittherapie-silkemoch.de\/index.php?rest_route=\/wp\/v2\/pages"}],"about":[{"href":"https:\/\/reittherapie-silkemoch.de\/index.php?rest_route=\/wp\/v2\/types\/page"}],"author":[{"embeddable":true,"href":"https:\/\/reittherapie-silkemoch.de\/index.php?rest_route=\/wp\/v2\/users\/1"}],"replies":[{"embeddable":true,"href":"https:\/\/reittherapie-silkemoch.de\/index.php?rest_route=%2Fwp%2Fv2%2Fcomments&post=7"}],"version-history":[{"count":1,"href":"https:\/\/reittherapie-silkemoch.de\/index.php?rest_route=\/wp\/v2\/pages\/7\/revisions"}],"predecessor-version":[{"id":8,"href":"https:\/\/reittherapie-silkemoch.de\/index.php?rest_route=\/wp\/v2\/pages\/7\/revisions\/8"}],"wp:attachment":[{"href":"https:\/\/reittherapie-silkemoch.de\/index.php?rest_route=%2Fwp%2Fv2%2Fmedia&parent=7"}],"curies":[{"name":"wp","href":"https:\/\/api.w.org\/{rel}","templated":true}]}}