{"id":71,"date":"2021-09-16T10:36:14","date_gmt":"2021-09-16T08:36:14","guid":{"rendered":"https:\/\/reittherapie-silkemoch.de\/?page_id=71"},"modified":"2021-09-16T10:49:16","modified_gmt":"2021-09-16T08:49:16","slug":"pferdeosteopathie","status":"publish","type":"page","link":"https:\/\/reittherapie-silkemoch.de\/?page_id=71","title":{"rendered":"Pferdeosteopathie"},"content":{"rendered":"\n<p>Die Osteopathie bei den Pferden wird angewandt, wenn Taktunreinheiten, Widersetzlichkeiten oder auch Unstimmigkeiten zwischen Pferd und Reiter vorkommen. Der erste Termin dauert bis zu 2 Stunden. Sie erz\u00e4hlen mir von dem Problem und ich untersuche das Pferd. Je nachdem was es ist, ist es manchmal erforderlich, dass das Pferd vorgeritten wird. Sattel, Trense, Z\u00e4hne und evtl den Reiter gucke ich mir meistens in dem Zusammenhang auch noch an. <\/p>\n\n\n\n<p>Die osteopathische Behandlungsmethode ist eine sanfte, ganzheitliche Art, das Pferd wieder ins Gleichgewicht zu bringen. Die Muskulatur, Faszien, Sehne, B\u00e4nder und Gelenke bilden eine Einheit und je nachdem wo es h\u00e4ngt, wird behandelt. Mein Ziel ist es, die Strukturen des K\u00f6rpers wieder in ein Gleichgewicht und Balance zu bringen<\/p>\n\n\n\n<p>Ganzheitlich bedeutet, alle Strukturen des K\u00f6rpers zu ber\u00fccksichtigen und\u00a0zu behandeln:<br>die Gelenke, die Muskeln, das Bindegewebe, die Organe. Und ganz besonders das Wechselspiel untereinander, denn ein K\u00f6rper ist mehr, als die Summe seiner Einzelteile!<\/p>\n\n\n\n<p><\/p>\n\n\n\n<p><\/p>\n","protected":false},"excerpt":{"rendered":"<p>Die Osteopathie bei den Pferden wird angewandt, wenn Taktunreinheiten, Widersetzlichkeiten oder auch Unstimmigkeiten zwischen Pferd und Reiter vorkommen. Der erste Termin dauert bis zu 2 Stunden. Sie erz\u00e4hlen mir von dem Problem und ich untersuche das Pferd. Je nachdem was es ist, ist es manchmal erforderlich, dass das Pferd vorgeritten wird. Sattel, Trense, Z\u00e4hne und [&hellip;]<\/p>\n","protected":false},"author":2,"featured_media":0,"parent":0,"menu_order":4,"comment_status":"closed","ping_status":"closed","template":"","meta":{"footnotes":""},"class_list":["post-71","page","type-page","status-publish","hentry"],"_links":{"self":[{"href":"https:\/\/reittherapie-silkemoch.de\/index.php?rest_route=\/wp\/v2\/pages\/71","targetHints":{"allow":["GET"]}}],"collection":[{"href":"https:\/\/reittherapie-silkemoch.de\/index.php?rest_route=\/wp\/v2\/pages"}],"about":[{"href":"https:\/\/reittherapie-silkemoch.de\/index.php?rest_route=\/wp\/v2\/types\/page"}],"author":[{"embeddable":true,"href":"https:\/\/reittherapie-silkemoch.de\/index.php?rest_route=\/wp\/v2\/users\/2"}],"replies":[{"embeddable":true,"href":"https:\/\/reittherapie-silkemoch.de\/index.php?rest_route=%2Fwp%2Fv2%2Fcomments&post=71"}],"version-history":[{"count":3,"href":"https:\/\/reittherapie-silkemoch.de\/index.php?rest_route=\/wp\/v2\/pages\/71\/revisions"}],"predecessor-version":[{"id":76,"href":"https:\/\/reittherapie-silkemoch.de\/index.php?rest_route=\/wp\/v2\/pages\/71\/revisions\/76"}],"wp:attachment":[{"href":"https:\/\/reittherapie-silkemoch.de\/index.php?rest_route=%2Fwp%2Fv2%2Fmedia&parent=71"}],"curies":[{"name":"wp","href":"https:\/\/api.w.org\/{rel}","templated":true}]}}